{"id":137,"date":"2011-01-05T16:00:37","date_gmt":"2011-01-05T16:00:37","guid":{"rendered":"http:\/\/cordula-wirkner.de\/test.php\/?page_id=137"},"modified":"2018-02-01T17:04:53","modified_gmt":"2018-02-01T16:04:53","slug":"newsletter","status":"publish","type":"page","link":"https:\/\/cordula-wirkner.de\/?page_id=137","title":{"rendered":"Newsletter"},"content":{"rendered":"<p>Wenn Sie \u00fcber Neuigkeiten und Auftrittstermine informiert werden m\u00f6chten, so k\u00f6nnen Sie sich in unseren Newsletter hier eintragen.<\/p>\n<p>[contact-form-7 id=&#8220;1199&#8243; title=&#8220;Kontaktformular 1&#8243;]<\/p>\n","protected":false},"excerpt":{"rendered":"<p>Wenn Sie \u00fcber Neuigkeiten und Auftrittstermine informiert werden m\u00f6chten, so k\u00f6nnen Sie sich in unseren Newsletter hier eintragen. [contact-form-7 id=&#8220;1199&#8243; title=&#8220;Kontaktformular 1&#8243;]<\/p>\n","protected":false},"author":1,"featured_media":110,"parent":0,"menu_order":0,"comment_status":"open","ping_status":"open","template":"","meta":[],"_links":{"self":[{"href":"https:\/\/cordula-wirkner.de\/index.php?rest_route=\/wp\/v2\/pages\/137"}],"collection":[{"href":"https:\/\/cordula-wirkner.de\/index.php?rest_route=\/wp\/v2\/pages"}],"about":[{"href":"https:\/\/cordula-wirkner.de\/index.php?rest_route=\/wp\/v2\/types\/page"}],"author":[{"embeddable":true,"href":"https:\/\/cordula-wirkner.de\/index.php?rest_route=\/wp\/v2\/users\/1"}],"replies":[{"embeddable":true,"href":"https:\/\/cordula-wirkner.de\/index.php?rest_route=%2Fwp%2Fv2%2Fcomments&post=137"}],"version-history":[{"count":9,"href":"https:\/\/cordula-wirkner.de\/index.php?rest_route=\/wp\/v2\/pages\/137\/revisions"}],"predecessor-version":[{"id":1200,"href":"https:\/\/cordula-wirkner.de\/index.php?rest_route=\/wp\/v2\/pages\/137\/revisions\/1200"}],"wp:featuredmedia":[{"embeddable":true,"href":"https:\/\/cordula-wirkner.de\/index.php?rest_route=\/wp\/v2\/media\/110"}],"wp:attachment":[{"href":"https:\/\/cordula-wirkner.de\/index.php?rest_route=%2Fwp%2Fv2%2Fmedia&parent=137"}],"curies":[{"name":"wp","href":"https:\/\/api.w.org\/{rel}","templated":true}]}}