{"id":2,"date":"2010-07-06T10:23:24","date_gmt":"2010-07-06T10:23:24","guid":{"rendered":"http:\/\/cordula-wirkner.de\/?page_id=2"},"modified":"2018-01-31T23:10:44","modified_gmt":"2018-01-31T22:10:44","slug":"about","status":"publish","type":"page","link":"https:\/\/cordula-wirkner.de\/?page_id=2","title":{"rendered":"Vita"},"content":{"rendered":"<p><a href=\"http:\/\/cordula-wirkner.de\/wp-content\/uploads\/2011\/01\/CW_04_067.jpg\"><img decoding=\"async\" loading=\"lazy\" class=\"aligncenter size-medium wp-image-544\" title=\"CW_04_067\" src=\"http:\/\/cordula-wirkner.de\/wp-content\/uploads\/2011\/01\/CW_04_067-337x225.jpg\" alt=\"\" width=\"337\" height=\"225\" \/><\/a><\/p>\n<p><strong>Cordula Wirkner<\/strong>, zweimalige Finalistin und Preistr\u00e4gerin beim Bundesgesangswettbewerb f\u00fcr Musical und Chanson in Berlin, wurde in Hagen \/Westfalen als Tochter eines Orchestermusikers geboren und studierte an der Musikhochschule W\u00fcrzburg Violine. Parallel zu ihrem Studium absolvierte sie eine Gesangsausbildung und machte sich schon bald als Chanson- und Jazzs\u00e4ngerin (auch in Begleitung mit Big Bands), aber auch als S\u00e4ngerin f\u00fcr Neue Musik, einen Namen.<\/p>\n<p>Im Februar 2000 wurde sie Preistr\u00e4gerin des internationalen <strong>Lotte &#8211; Lenya &#8211; Gesangswettbewerbes<\/strong>, der von der Kurt-Weill Foundation in Dessau ausgetragen wurde.<\/p>\n<p>Mit den Worten <strong>\u201eEine Chanson-Entdeckung!\u201c<\/strong> oder \u201ees gibt sie noch, die gro\u00dfen Chansonetten\u201c wurden die Soloprogramme der in N\u00fcrnberg lebenden Chansonette in der Presse gefeiert. Der Hessische Rundfunk und der Deutschlandfunk portr\u00e4tierten die S\u00e4ngerin in eigenen Sendungen.<\/p>\n<p>Seit 1993 hat sie 6 Chansonprogramme herausgebracht , in denen sie die au\u00dfergew\u00f6hnliche musikalische Vielseitigkeit ihrer Stimme, gepaart mit intensiver Schauspielkunst unter Beweis stellt und dabei auch stets ihre Violine mit einsetzt. \u201eIch gebe den verschiedenen Pers\u00f6nlichkeiten, die in mir leben, eine Projektionsfl\u00e4che auf der B\u00fchne. Dort k\u00f6nnen sie endlich einmal ihre Stimme erheben und ausdr\u00fccken, was ihnen am Herzen liegt. Egal, in welcher Sprache!\u201c<\/p>\n<p>F\u00fcr ihr Programm \u201edie ertr\u00e4gliche Leichtigkeit des Scheins\u201c erteilte die Stadt N\u00fcrnberg im Jahr 2000 der K\u00fcnstlerin einen\u00a0<strong>Kulturf\u00f6rderpreis<\/strong>.<\/p>\n<p>Auch in der Doppelfunktion als Moderatorin und Gesangssolistin mit Orchestern machte Cordula Wirkner sich einen Namen. Die <strong>Nordwestdeutsche Philharmonie<\/strong> unter der Leitung des amerikanischen Dirigenten Peter Leonard engagierte sie 2002 f\u00fcr eine gro\u00dfe Konzertreihe im gesamten ostwestf\u00e4lischen Raum mit Werken von Weill, Gershwin und Sondheim. Bekannte Jazzpianisten und Arrangeure z\u00e4hlen zu ihren Begleitern und arbeiteten in den letzten Programmen mit ihr zusammen, wie z.B. der bekannte Musiker <strong>Peter Fulda<\/strong>, oder der Echopreistr\u00e4ger <strong>Michael Wollny<\/strong> sowie <strong>Claus Gram\u00df<\/strong>.<\/p>\n<p>Auch als <strong>Schauspielerin<\/strong> ist Cordula Wirkner aktiv. So konnte man sie in der Rolle der &#8222;Sexbombe&#8220; in <strong>Sekret\u00e4rinnen<\/strong> im Jahre 2011 im Dehnberger Hoftheater erleben. Am Gostner Hoftheater hatte sie 2013 neben Michaela Domes die Hauptrolle im St\u00fcck &#8222;<strong>Zwei nette Damen auf dem Weg nach Norden<\/strong>&#8222;. In dem Erfolgsst\u00fcck von Daniel Glattauer &#8222;<strong>Gut gegen Nordwind<\/strong>&#8220; spielte Cordula Wirkner die Emmi neben Thomas Witte &#8211; die gefeierte Premiere war am 21.9. 2013.<\/p>\n<p>Zwei CD-Aufnahmen erschienen in Koproduktion mit dem Bayerischen Rundfunk.<\/p>\n<p>Nach einer Kinderpause (3 Kinder) kn\u00fcpft Cordula Wirkner wieder an ihre Verwandlungsk\u00fcnste in ihrem aktuellen Programm \u201eCham\u00e4leondame\u201c(Premiere Okt. 2010), an.<\/p>\n<p>Zu ihrer neuen <strong>CD &#8222;MAGIE!&#8220;<\/strong>, die sich ausschlie\u00dflich dem franz\u00f6sischen Chanson widmet, produzierte sie auch Musikvideos, die auf Youtube ver\u00f6ffentlicht wurden.<\/p>\n","protected":false},"excerpt":{"rendered":"<p>Cordula Wirkner, zweimalige Finalistin und Preistr\u00e4gerin beim Bundesgesangswettbewerb f\u00fcr Musical und Chanson in Berlin, wurde in Hagen \/Westfalen als Tochter eines Orchestermusikers geboren und studierte an der Musikhochschule W\u00fcrzburg Violine. Parallel zu ihrem Studium absolvierte sie eine Gesangsausbildung und machte sich schon bald als Chanson- und Jazzs\u00e4ngerin (auch in Begleitung mit Big Bands), aber auch [&hellip;]<\/p>\n","protected":false},"author":1,"featured_media":343,"parent":0,"menu_order":0,"comment_status":"open","ping_status":"open","template":"","meta":[],"_links":{"self":[{"href":"https:\/\/cordula-wirkner.de\/index.php?rest_route=\/wp\/v2\/pages\/2"}],"collection":[{"href":"https:\/\/cordula-wirkner.de\/index.php?rest_route=\/wp\/v2\/pages"}],"about":[{"href":"https:\/\/cordula-wirkner.de\/index.php?rest_route=\/wp\/v2\/types\/page"}],"author":[{"embeddable":true,"href":"https:\/\/cordula-wirkner.de\/index.php?rest_route=\/wp\/v2\/users\/1"}],"replies":[{"embeddable":true,"href":"https:\/\/cordula-wirkner.de\/index.php?rest_route=%2Fwp%2Fv2%2Fcomments&post=2"}],"version-history":[{"count":18,"href":"https:\/\/cordula-wirkner.de\/index.php?rest_route=\/wp\/v2\/pages\/2\/revisions"}],"predecessor-version":[{"id":1195,"href":"https:\/\/cordula-wirkner.de\/index.php?rest_route=\/wp\/v2\/pages\/2\/revisions\/1195"}],"wp:featuredmedia":[{"embeddable":true,"href":"https:\/\/cordula-wirkner.de\/index.php?rest_route=\/wp\/v2\/media\/343"}],"wp:attachment":[{"href":"https:\/\/cordula-wirkner.de\/index.php?rest_route=%2Fwp%2Fv2%2Fmedia&parent=2"}],"curies":[{"name":"wp","href":"https:\/\/api.w.org\/{rel}","templated":true}]}}