{"id":37,"date":"2010-12-08T19:01:08","date_gmt":"2010-12-08T19:01:08","guid":{"rendered":"http:\/\/cordula-wirkner.de\/develop.php\/?page_id=37"},"modified":"2016-11-16T18:26:00","modified_gmt":"2016-11-16T17:26:00","slug":"presse","status":"publish","type":"page","link":"https:\/\/cordula-wirkner.de\/?page_id=37","title":{"rendered":"Presse"},"content":{"rendered":"<p>&nbsp;<\/p>\n<p>Infos zu \u201eCham\u00e4leondame\u201c <a href=\"http:\/\/cordula-wirkner.de\/wp-content\/uploads\/2010\/12\/Progamminfo-Cham\u00e4leondame-pdf.pdf\">{pdf}<\/a> oder <a href=\"http:\/\/cordula-wirkner.de\/wp-content\/uploads\/2010\/12\/Progamminfo-Cham\u00e4leondame-txt.txt\">{txt}<\/a><br \/>\nInfos zu \u201eNovemberblues\u201c <a href=\"http:\/\/cordula-wirkner.de\/wp-content\/uploads\/2010\/12\/Programminfo-Novemberblues-pdf.pdf\">{pdf}<\/a> oder <a href=\"http:\/\/cordula-wirkner.de\/wp-content\/uploads\/2010\/12\/Programminfo-Novemberblues-txt.txt\">{txt}<\/a><br \/>\nInfos zu \u201eLacrimosa\u201c <a href=\"http:\/\/cordula-wirkner.de\/wp-content\/uploads\/2010\/12\/Progamminfo-Lacrimosa-pdf.pdf\">{pdf}<\/a> oder\u00a0<a href=\"http:\/\/cordula-wirkner.de\/wp-content\/uploads\/2010\/12\/Progamminfo-Lacrimosa-txt.txt\">{txt}<\/a><br \/>\n<img decoding=\"async\" loading=\"lazy\" title=\"Spacer\" src=\"http:\/\/cordula-wirkner.de\/wp-content\/uploads\/2010\/12\/Spacer.png\" alt=\"\" width=\"20\" height=\"30\" \/><br \/>\n<strong>Fotos f\u00fcr die Presse:<br \/>\n<\/strong><br \/>\n1<a href=\"http:\/\/cordula-wirkner.de\/wp-content\/uploads\/2010\/12\/Pressebild024-1.jpg\" target=\"_blank\"><img decoding=\"async\" loading=\"lazy\" class=\"alignnone size-thumbnail wp-image-672\" style=\"margin-left: 5px; margin-right: 5px;\" title=\"Pressebild(024)-1\" src=\"http:\/\/cordula-wirkner.de\/wp-content\/uploads\/2010\/12\/Pressebild024-1-75x75.jpg\" alt=\"\" width=\"75\" height=\"75\" \/><\/a> 2<a href=\"http:\/\/cordula-wirkner.de\/wp-content\/uploads\/2010\/12\/Cordula-Wirkner-Pressefoto014.jpg\" target=\"_blank\"><img decoding=\"async\" loading=\"lazy\" class=\"alignnone size-thumbnail wp-image-621\" style=\"margin-left: 5px; margin-right: 5px;\" title=\"Cordula Wirkner Presse Cham\u00e4l2\" src=\"http:\/\/cordula-wirkner.de\/wp-content\/uploads\/2010\/12\/Cordula-Wirkner-Pressefoto014-75x75.jpg\" alt=\"\" width=\"75\" height=\"75\" \/><\/a> 3<a href=\"http:\/\/cordula-wirkner.de\/wp-content\/uploads\/2011\/01\/Pressebild023.jpg\" target=\"_blank\"><img decoding=\"async\" loading=\"lazy\" class=\"alignnone size-thumbnail wp-image-181\" style=\"margin-left: 5px; margin-right: 5px;\" title=\"Cordula Wirkner Presse Cham\u00e4l3\" src=\"http:\/\/cordula-wirkner.de\/wp-content\/uploads\/2011\/01\/Pressebild023-75x75.jpg\" alt=\"\" width=\"75\" height=\"75\" \/><\/a> 4<a href=\"http:\/\/cordula-wirkner.de\/wp-content\/uploads\/2010\/12\/Cordula-Wirkner-Pressefoto026.jpg\" target=\"_blank\"><img decoding=\"async\" loading=\"lazy\" class=\"alignnone size-thumbnail wp-image-623\" style=\"margin-left: 5px; margin-right: 5px;\" title=\"Cordula Wirkner-Presse Cham\u00e4l 4\" src=\"http:\/\/cordula-wirkner.de\/wp-content\/uploads\/2010\/12\/Cordula-Wirkner-Pressefoto026-75x75.jpg\" alt=\"\" width=\"75\" height=\"75\" \/><\/a><\/p>\n<p><strong>Pressestimmen:<\/strong><\/p>\n<p><strong>Fr\u00e4nkischer Tag,<\/strong>\u00a0am 15.11.2016<br \/>\n(\u00fcber Novemberblues)<br \/>\nWirkner l\u00e4sst den Zauber dann wirken&#8230;<a href=\"http:\/\/cordula-wirkner.de\/wp-content\/uploads\/2010\/12\/FT-Kritik-Novemberblues-2016.pdf\">{pdf}<\/a><\/p>\n<p><strong>Erlanger Nachrichten,<\/strong> am 15.10.2011<br \/>\n(\u00fcber Cham\u00e4leondame)<br \/>\n&#8230;hinrei\u00dfend theatralischer Komik\u2026broadwayw\u00fcrdig,witzig, virtuos\u2026unterh\u00e4lt mit ihrer kabarettistischen Akrobatik\u2026<a href=\"http:\/\/cordula-wirkner.de\/wp-content\/uploads\/2010\/12\/111015-Cham\u00e4leondame-Kritik-Erlang-Nachr-gro\u00dfpdf-.pdf\">{pdf}<\/a><\/p>\n<p><strong>N\u00fcrnberger Nachrichten<\/strong>, am 17.1. 2011<br \/>\n(\u00fcber Cham\u00e4leondame)<br \/>\n&#8222;Cham\u00e4leon mit Schuhtick&#8220;, &#8222;Dabei steht Wirkners au\u00dfergew\u00f6hnliche, kr\u00e4ftige Mehr-Oktaven-Stimme in ihrer ganzen Wandlungsf\u00e4higkeit im Vordergrund\u2026&#8220; <a href=\"http:\/\/cordula-wirkner.de\/wp-content\/uploads\/2010\/12\/Cham\u00e4leon-NN-170111pdf2.pdf\">{pdf}<\/a><\/p>\n<p><strong>N\u00fcrnberger Zeitung <\/strong>, am 18. 1. 2011<br \/>\n(\u00fcber Cham\u00e4leondame)<br \/>\n&#8222;Inmitten dieses Wechselbades zeigt sich die Chansonette nicht nur gut bei Stimme\u2026&#8220;. <a href=\"http:\/\/cordula-wirkner.de\/wp-content\/uploads\/2010\/12\/NZ-Kritik-180111-pdf2.pdf\">{pdf}<\/a><\/p>\n<p><strong>Schwabacher Tagblatt<\/strong> am 29. 10. 2010<br \/>\n(\u00fcber &#8220; Cham\u00e4leondame&#8220;)<br \/>\n&#8222;Ein Chansonabend der Sonderklasse.&#8220; &#8222;Der Name Cham\u00e4leondame ist Programm&#8220;\u2026<a href=\"http:\/\/cordula-wirkner.de\/wp-content\/uploads\/2010\/12\/Cham\u00e4leon-Schwab-TB-291010.pdf\">{pdf}<\/a><\/p>\n<p><em><strong>N\u00fcrnberger Nachrichten<\/strong>, am 18. 1. 1999<br \/>\n(\u00fcber &#8222;Ertr\u00e4gliche Leichtigkeit&#8220;)<\/em><br \/>\n&#8222;Es gibt sie noch, die gro\u00dfen Chansonetten, die charismatischen Gestalten der Kleinkunst \u2026 &#8222;<a href=\"http:\/\/cordula-wirkner.de\/wp-content\/uploads\/2010\/12\/Ertr\u00e4gliche-NN-180199.pdf\">{pdf}<\/a><\/p>\n<p><strong><em>N\u00fcrnberger Zeitung<\/em><\/strong>, am 14.02. 2000<br \/>\n(\u00fcber &#8222;Ertr\u00e4gliche Leichtigkeit&#8220;)<br \/>\n&#8222;Glaubhaft gelingt ihr der stetige Rollentausch nicht nur durch Gestik und Mimik, sondern vor allem durch ihre hinrei\u00dfende Stimme. &#8222;<a href=\"http:\/\/cordula-wirkner.de\/wp-content\/uploads\/2010\/12\/Ertr\u00e4gliche-NZ-Dehnb-140200.pdf\">{pdf}<\/a><\/p>\n<p><strong>Abendzeitung N\u00fcrnberg<\/strong>, am 1. 10. 1999<br \/>\n(\u00fcber &#8222;ertr\u00e4gliche Leichtigkeit&#8220;)<br \/>\n&#8222;Der falsche Schein als Extrakt einer N\u00fcrnberger Chanson &#8211; Entdeckung, die auch sonst erstaunliche Bl\u00fcten treibt. Wo hat Cordula Wirkner bislang gesteckt? \u2026 &#8222;<a href=\"http:\/\/cordula-wirkner.de\/wp-content\/uploads\/2010\/12\/Ertr\u00e4gliche-AZ-011099.pdf\">{pdf}<\/a><\/p>\n<p><strong>Abendzeitung N\u00fcrnberg <\/strong>am 16. 11. 2000<br \/>\n(\u00fcber die N\u00fcrnberger Kulturpreisverleihung)<br \/>\n&#8222;Und wurde dann als Diseusen &#8211; Cham\u00e4leon begeistert gefeiert, das \u00fcber Gifteinsatz bei M\u00e4nnern sang und sich als fidel fiedelndes Csardas-Double von OB Ludwig Scholz die Sch\u00fcrze &#8222;sch\u00f6n fest&#8220; binden lie\u00df. Was das Stadtoberhaupt zur bangen Frage veranlasste: Wo ist das Rattengift?&#8220;\u2026<a href=\"http:\/\/cordula-wirkner.de\/wp-content\/uploads\/2010\/12\/Kulturpreis-AZ-161100.pdf\">{pdf}<\/a><\/p>\n","protected":false},"excerpt":{"rendered":"<p>&nbsp; Infos zu \u201eCham\u00e4leondame\u201c {pdf} oder {txt} Infos zu \u201eNovemberblues\u201c {pdf} oder {txt} Infos zu \u201eLacrimosa\u201c {pdf} oder\u00a0{txt} Fotos f\u00fcr die Presse: 1 2 3 4 Pressestimmen: Fr\u00e4nkischer Tag,\u00a0am 15.11.2016 (\u00fcber Novemberblues) Wirkner l\u00e4sst den Zauber dann wirken&#8230;{pdf} Erlanger Nachrichten, am 15.10.2011 (\u00fcber Cham\u00e4leondame) &#8230;hinrei\u00dfend theatralischer Komik\u2026broadwayw\u00fcrdig,witzig, virtuos\u2026unterh\u00e4lt mit ihrer kabarettistischen Akrobatik\u2026{pdf} N\u00fcrnberger Nachrichten, am [&hellip;]<\/p>\n","protected":false},"author":1,"featured_media":341,"parent":0,"menu_order":0,"comment_status":"closed","ping_status":"closed","template":"","meta":[],"_links":{"self":[{"href":"https:\/\/cordula-wirkner.de\/index.php?rest_route=\/wp\/v2\/pages\/37"}],"collection":[{"href":"https:\/\/cordula-wirkner.de\/index.php?rest_route=\/wp\/v2\/pages"}],"about":[{"href":"https:\/\/cordula-wirkner.de\/index.php?rest_route=\/wp\/v2\/types\/page"}],"author":[{"embeddable":true,"href":"https:\/\/cordula-wirkner.de\/index.php?rest_route=\/wp\/v2\/users\/1"}],"replies":[{"embeddable":true,"href":"https:\/\/cordula-wirkner.de\/index.php?rest_route=%2Fwp%2Fv2%2Fcomments&post=37"}],"version-history":[{"count":70,"href":"https:\/\/cordula-wirkner.de\/index.php?rest_route=\/wp\/v2\/pages\/37\/revisions"}],"predecessor-version":[{"id":63,"href":"https:\/\/cordula-wirkner.de\/index.php?rest_route=\/wp\/v2\/pages\/37\/revisions\/63"}],"wp:featuredmedia":[{"embeddable":true,"href":"https:\/\/cordula-wirkner.de\/index.php?rest_route=\/wp\/v2\/media\/341"}],"wp:attachment":[{"href":"https:\/\/cordula-wirkner.de\/index.php?rest_route=%2Fwp%2Fv2%2Fmedia&parent=37"}],"curies":[{"name":"wp","href":"https:\/\/api.w.org\/{rel}","templated":true}]}}