{"id":8,"date":"2010-12-04T22:25:47","date_gmt":"2010-12-04T22:25:47","guid":{"rendered":"http:\/\/cordula-wirkner.de\/develop.php\/?page_id=8"},"modified":"2019-01-03T17:46:01","modified_gmt":"2019-01-03T16:46:01","slug":"kontakt","status":"publish","type":"page","link":"https:\/\/cordula-wirkner.de\/?page_id=8","title":{"rendered":"Kontakt"},"content":{"rendered":"<p>Cordula Wirkner<br \/>\nManagement<br \/>\nWaldm\u00fcllerstr. 14<br \/>\n90455 N\u00fcrnberg<\/p>\n<p>0911 \/ 9811 9704<br \/>\nFax: 0911 \/ 9811 9701<\/p>\n<p>mail: <a href=\"mailto:info@cordula-wirkner.de\">info@cordula-wirkner.de<\/a><\/p>\n<p><strong><br \/>\nFotos:<\/strong><br \/>\nLudwig Olah, N\u00fcrnberg, <a href=\"http:\/\/www.ludwigolah.de\">ludwigolah.de<\/a><a href=\"http:\/\/ludwigolah.de\/\"><br \/>\n<\/a>Karin Simon, N\u00fcrnberg, <a href=\"http:\/\/www.karinsimon.de\">karinsimon.de<\/a><a href=\"http:\/\/ludwigolah.de\/\"><br \/>\n<\/a>Eya Nitsche, F\u00fcrth, <a href=\"http:\/\/www.lovelilith.com\">lovelilith.com<\/a><\/p>\n<p><strong>Homepage &#8211; Gestaltung &amp; Programmierung:<\/strong><br \/>\nRaffael Ziegler, London,\u00a0<a href=\"http:\/\/mocomatics.de\/\">mocomatics<\/a>.de<\/p>\n<p><strong>Plakatdesign:<\/strong><br \/>\nTanjo Dietz, N\u00fcrnberg,\u00a0<a href=\"http:\/\/nandodesign.de\/cms\/\">nandodesign<\/a>.de<\/p>\n<p><strong>CMS System:<\/strong><br \/>\nWordpress<\/p>\n<p><strong><br \/>\nLinks von meinen Freunden:<\/strong><\/p>\n<p><a href=\"http:\/\/klaus-gramss.de\">Claus Gram\u00df<\/a>, mein Haus- und Hofarrangeur und fast &#8222;st\u00e4ndiger Begleiter&#8220; am Klavier!<br \/>\n<a href=\"peterfulda.de\">Peter Fulda<\/a>, mein Klavierbegleiter im Jahre 2001 und auf der Lacrimosa- CD.<br \/>\n<a href=\"http:\/\/michael-wollny.de\">Michael Wollny<\/a>, mein Klavierbegleiter im Jahre 2002. Jetzt einer der gr\u00f6\u00dften Jazzpianisten in unseren Landen\u2026<br \/>\n<a href=\"http:\/\/singinoffbeats.de\">Singin Off Beats<\/a>, ein toller Jazzchor (Ltg. Claus Gram\u00df). Wurden beim letzten Deutschen Chorwettbewerb Deutscher Meister! Sehr zu empfehlen!<\/p>\n<p><strong>Impressum \/\u00a0Haftungshinweis\/ Datenschutz<\/strong><\/p>\n<p>F\u00fcr den Inhalt der verlinkten Seiten sind ausschlie\u00dflich deren Betreiber verantwortlich. Urheberrecht Die Ver\u00f6ffentlichungen auf diesen Seiten unterliegen dem deutschen Urheberrecht. Die Vervielf\u00e4ltigung, Bearbeitung, Verbreitung und jede Art der Verwertung au\u00dferhalb der Grenzen des Urheberrechtes bed\u00fcrfen der schriftlichen Zustimmung des jeweiligen Autors. Downloads und Kopien dieser Seite sind nur f\u00fcr den privaten, nichtkommerziellen Gebrauch gestattet. Zitate aus den Ver\u00f6ffentlichungen der Webseite sind gestattet, sofern sie die g\u00e4ngigen Zitatl\u00e4ngen nicht \u00fcberschreiten, einen Link bzw. eine Nennung der Webseite-URL enthalten und die Autoren namentlich erw\u00e4hnt werden. Datenschutz Personenbezogene Daten werden nur mit Ihrem Wissen und Ihrer Einwilligung erhoben. Auf Antrag erhalten Sie unentgeltlich Auskunft zu den \u00fcber Sie gespeicherten personenbezogenen Daten.<\/p>\n<p><strong>Datenschutz<\/strong><\/p>\n<p>Die Nutzung meiner\u00a0Webseite ist in der Regel ohne Angabe personenbezogener Daten m\u00f6glich. Soweit auf meiner\u00a0Seiten personenbezogene Daten (beispielsweise Name, Anschrift oder eMail-Adressen) erhoben werden, erfolgt dies, soweit m\u00f6glich, stets auf freiwilliger Basis. Den Newsletter habe ich abgeschaltet und ich sammle deshalb auch keine personenbezogenen Daten. Sollte mir jemand eine Mail schreiben, werden diese Daten selbstverst\u00e4ndlich ohne Ihre ausdr\u00fcckliche Zustimmung nicht an Dritte weitergegeben. Wenn Sie \u00fcber einen Link zu einem anderen Webauftritt gelangen, wie zum Beispiel, wenn Sie auf ein Youtube- Video\u00a0klicken, gilt dort im Zweifel eine andere Datenschutzerkl\u00e4rung. Wir empfehlen Ihnen, diese dort\u00a0sorgf\u00e4ltig zu lesen. Ob Sie sich noch auf unserer oder einer verlinkten Seite befinden, k\u00f6nnen Sie an der Adresse in der Browserzeile erkennen.<\/p>\n","protected":false},"excerpt":{"rendered":"<p>Cordula Wirkner Management Waldm\u00fcllerstr. 14 90455 N\u00fcrnberg 0911 \/ 9811 9704 Fax: 0911 \/ 9811 9701 mail: info@cordula-wirkner.de Fotos: Ludwig Olah, N\u00fcrnberg, ludwigolah.de Karin Simon, N\u00fcrnberg, karinsimon.de Eya Nitsche, F\u00fcrth, lovelilith.com Homepage &#8211; Gestaltung &amp; Programmierung: Raffael Ziegler, London,\u00a0mocomatics.de Plakatdesign: Tanjo Dietz, N\u00fcrnberg,\u00a0nandodesign.de CMS System: Wordpress Links von meinen Freunden: Claus Gram\u00df, mein Haus- und [&hellip;]<\/p>\n","protected":false},"author":1,"featured_media":441,"parent":0,"menu_order":0,"comment_status":"closed","ping_status":"closed","template":"","meta":[],"_links":{"self":[{"href":"https:\/\/cordula-wirkner.de\/index.php?rest_route=\/wp\/v2\/pages\/8"}],"collection":[{"href":"https:\/\/cordula-wirkner.de\/index.php?rest_route=\/wp\/v2\/pages"}],"about":[{"href":"https:\/\/cordula-wirkner.de\/index.php?rest_route=\/wp\/v2\/types\/page"}],"author":[{"embeddable":true,"href":"https:\/\/cordula-wirkner.de\/index.php?rest_route=\/wp\/v2\/users\/1"}],"replies":[{"embeddable":true,"href":"https:\/\/cordula-wirkner.de\/index.php?rest_route=%2Fwp%2Fv2%2Fcomments&post=8"}],"version-history":[{"count":36,"href":"https:\/\/cordula-wirkner.de\/index.php?rest_route=\/wp\/v2\/pages\/8\/revisions"}],"predecessor-version":[{"id":1229,"href":"https:\/\/cordula-wirkner.de\/index.php?rest_route=\/wp\/v2\/pages\/8\/revisions\/1229"}],"wp:featuredmedia":[{"embeddable":true,"href":"https:\/\/cordula-wirkner.de\/index.php?rest_route=\/wp\/v2\/media\/441"}],"wp:attachment":[{"href":"https:\/\/cordula-wirkner.de\/index.php?rest_route=%2Fwp%2Fv2%2Fmedia&parent=8"}],"curies":[{"name":"wp","href":"https:\/\/api.w.org\/{rel}","templated":true}]}}